{"id":1393,"date":"2018-08-15T15:06:11","date_gmt":"2018-08-15T15:06:11","guid":{"rendered":"https:\/\/attika.qodeinteractive.com\/?page_id=1393"},"modified":"2018-08-15T15:06:11","modified_gmt":"2018-08-15T15:06:11","slug":"testimonials","status":"publish","type":"page","link":"https:\/\/laescolleraibiza.com\/index.php\/elements\/testimonials\/","title":{"rendered":"Testimonials"},"content":{"rendered":"<section class=\"wpb-content-wrapper\"><div class=\"mkdf-row-grid-section-wrapper \"  ><div class=\"mkdf-row-grid-section\"><div class=\"vc_row wpb_row vc_row-fluid\" ><div class=\"wpb_column vc_column_container vc_col-sm-12\"><div class=\"vc_column-inner\"><div class=\"wpb_wrapper\"><div class=\"mkdf-testimonials-holder clearfix mkdf-testimonials-standard  mkdf-navigation-numbers mkdf-nav-outer\">\n    <div class=\"mkdf-testimonials-icon\">\n        <svg version=\"1.1\" x=\"0px\" y=\"0px\"\n            width=\"50.75px\" height=\"37.828px\" viewBox=\"0 0 50.75 37.828\" enable-background=\"new 0 0 50.75 37.828\" xml:space=\"preserve\">\n            <path fill=\"#898989\" d=\"M39.486,14.41c-0.105-1.113-0.023-4.144,2.879-8.359c0.219-0.315,0.18-0.745-0.094-1.018\n            c-1.184-1.185-1.918-1.931-2.43-2.455c-0.676-0.687-0.984-1-1.438-1.41c-0.301-0.272-0.758-0.276-1.063-0.01\n            c-5.059,4.401-10.68,13.502-9.867,24.646c0.477,6.547,5.25,11.297,11.352,11.297c6.262,0,11.355-5.094,11.355-11.355\n            C50.181,19.707,45.439,14.754,39.486,14.41L39.486,14.41z M38.826,35.5c-5.238,0-9.34-4.125-9.754-9.807v-0.006\n            c-0.918-12.533,6.535-20.68,8.789-22.835c0.219,0.22,0.469,0.474,0.84,0.849c0.445,0.453,1.055,1.073,1.977,2\n            c-3.527,5.428-2.859,9.295-2.57,9.85c0.141,0.267,0.422,0.443,0.719,0.443c5.379,0,9.754,4.375,9.754,9.752\n            C48.58,31.125,44.205,35.5,38.826,35.5L38.826,35.5z M38.826,35.5\"\/>\n            <path fill=\"#898989\" d=\"M12.68,14.41c-0.105-1.113-0.023-4.144,2.879-8.359c0.219-0.315,0.18-0.745-0.094-1.018\n            c-1.184-1.185-1.918-1.931-2.43-2.455c-0.676-0.687-0.984-1-1.438-1.41c-0.301-0.272-0.758-0.276-1.063-0.01\n            C5.477,5.56-0.145,14.66,0.668,25.805c0.477,6.547,5.25,11.297,11.352,11.297c6.262,0,11.355-5.094,11.355-11.355\n            C23.375,19.707,18.633,14.754,12.68,14.41L12.68,14.41z M12.02,35.5c-5.238,0-9.34-4.125-9.754-9.807v-0.006\n            C1.348,13.154,8.801,5.008,11.055,2.853c0.219,0.22,0.469,0.474,0.84,0.849c0.445,0.453,1.055,1.073,1.977,2\n            c-3.527,5.428-2.859,9.295-2.57,9.85c0.141,0.267,0.422,0.443,0.719,0.443c5.379,0,9.754,4.375,9.754,9.752\n            C21.773,31.125,17.398,35.5,12.02,35.5L12.02,35.5z M12.02,35.5\"\/>\n        <\/svg>\n    <\/div>\n    <div class=\"mkdf-testimonials mkdf-owl-slider\" data-number-of-items=\"1\" data-enable-loop=\"yes\" data-enable-autoplay=\"yes\" data-slider-speed=\"5000\" data-slider-speed-animation=\"600\" data-enable-navigation=\"yes\" data-enable-pagination=\"no\">\n\n    \n            <div class=\"mkdf-testimonial-content\" id=\"mkdf-testimonials-2905\">\n                <div class=\"mkdf-testimonial-text-holder\">\n                                            <p class=\"mkdf-testimonial-text\">&quot; Id\u00edlico. Uno de los mejores sitios para disfrutar la isla. Vistas incre\u00edbles, comida 10, servicio excelente. En temporada alta no dudes en reservar, incluso una o dos semanas antes. &quot;<\/p>\n                                                                <h4 class=\"mkdf-testimonial-author\">\n                            <span class=\"mkdf-testimonials-author-name\">Hector Aviles<\/span>\n                                                            <span class=\"mkdf-testimonials-author-job\">Cliente<\/span>\n                                                    <\/h4>\n                                    <\/div>\n                            <\/div>\n\n    \n            <div class=\"mkdf-testimonial-content\" id=\"mkdf-testimonials-2904\">\n                <div class=\"mkdf-testimonial-text-holder\">\n                                            <p class=\"mkdf-testimonial-text\">&quot; Restaurante de calidad, con un trato cercano por parte de los camareros y ambientado con muy buena m\u00fasica y vistas preciosas al mar. &quot;<\/p>\n                                                                <h4 class=\"mkdf-testimonial-author\">\n                            <span class=\"mkdf-testimonials-author-name\">Iv\u00e1n Gaitero<\/span>\n                                                            <span class=\"mkdf-testimonials-author-job\">Cliente<\/span>\n                                                    <\/h4>\n                                    <\/div>\n                            <\/div>\n\n    \n            <div class=\"mkdf-testimonial-content\" id=\"mkdf-testimonials-2906\">\n                <div class=\"mkdf-testimonial-text-holder\">\n                                            <p class=\"mkdf-testimonial-text\">&quot; Servicio super amable, con presencia de los propietarios que se interesan por lo Clientes y gestionan el local a la perfecci\u00f3n. El entorno es incre\u00edblemente precioso, a pi\u00e9 de mar y la comida es rica y variada. Muy recomendable. &quot;<\/p>\n                                                                <h4 class=\"mkdf-testimonial-author\">\n                            <span class=\"mkdf-testimonials-author-name\">Jordi Sans<\/span>\n                                                            <span class=\"mkdf-testimonials-author-job\">Cliente<\/span>\n                                                    <\/h4>\n                                    <\/div>\n                            <\/div>\n\n    \n    <\/div>\n<\/div><\/div><\/div><\/div><\/div><\/div><\/div>\n<\/section>","protected":false},"excerpt":{"rendered":"","protected":false},"author":4,"featured_media":0,"parent":52,"menu_order":0,"comment_status":"closed","ping_status":"closed","template":"full-width.php","meta":{"footnotes":""},"class_list":["post-1393","page","type-page","status-publish","hentry"],"_links":{"self":[{"href":"https:\/\/laescolleraibiza.com\/index.php\/wp-json\/wp\/v2\/pages\/1393"}],"collection":[{"href":"https:\/\/laescolleraibiza.com\/index.php\/wp-json\/wp\/v2\/pages"}],"about":[{"href":"https:\/\/laescolleraibiza.com\/index.php\/wp-json\/wp\/v2\/types\/page"}],"author":[{"embeddable":true,"href":"https:\/\/laescolleraibiza.com\/index.php\/wp-json\/wp\/v2\/users\/4"}],"replies":[{"embeddable":true,"href":"https:\/\/laescolleraibiza.com\/index.php\/wp-json\/wp\/v2\/comments?post=1393"}],"version-history":[{"count":0,"href":"https:\/\/laescolleraibiza.com\/index.php\/wp-json\/wp\/v2\/pages\/1393\/revisions"}],"up":[{"embeddable":true,"href":"https:\/\/laescolleraibiza.com\/index.php\/wp-json\/wp\/v2\/pages\/52"}],"wp:attachment":[{"href":"https:\/\/laescolleraibiza.com\/index.php\/wp-json\/wp\/v2\/media?parent=1393"}],"curies":[{"name":"wp","href":"https:\/\/api.w.org\/{rel}","templated":true}]}}